{"id":3,"date":"2021-06-12T03:36:09","date_gmt":"2021-06-12T03:36:09","guid":{"rendered":"https:\/\/mercadeosalud.com\/?page_id=3"},"modified":"2021-07-15T19:36:23","modified_gmt":"2021-07-15T19:36:23","slug":"politica-de-privacidad","status":"publish","type":"page","link":"https:\/\/mercadeosalud.com\/en\/politica-de-privacidad\/","title":{"rendered":"Pol\u00edtica de privacidad"},"content":{"rendered":"<div data-elementor-type=\"wp-page\" data-elementor-id=\"3\" class=\"elementor elementor-3\">\n\t\t\t\t\t\t<section class=\"elementor-section elementor-top-section elementor-element elementor-element-130d3319 elementor-section-boxed elementor-section-height-default elementor-section-height-default\" data-id=\"130d3319\" data-element_type=\"section\">\n\t\t\t\t\t\t<div class=\"elementor-container elementor-column-gap-default\">\n\t\t\t\t\t<div class=\"elementor-column elementor-col-100 elementor-top-column elementor-element elementor-element-34ebd623\" data-id=\"34ebd623\" data-element_type=\"column\">\n\t\t\t<div class=\"elementor-widget-wrap elementor-element-populated\">\n\t\t\t\t\t\t<div class=\"elementor-element elementor-element-2fe6d461 elementor-widget elementor-widget-text-editor\" data-id=\"2fe6d461\" data-element_type=\"widget\" data-widget_type=\"text-editor.default\">\n\t\t\t\t<div class=\"elementor-widget-container\">\n\t\t\t\t\t\t\t<!-- wp:heading -->\n<h1 style=\"text-align: center;\">AVISO DE PRIVACIDAD<\/h1>\n<!-- \/wp:heading -->\n<p>El presente Aviso de Privacidad establece los t\u00e9rminos y condiciones en virtud de los cuales AMS Agencia de Mercadeo en Salud de Colombia, realizar\u00e1 el tratamiento de sus datos personales cumpliendo lo establecido en la Ley 1581 de 2012, el Decreto 1377 de 2013 y el Decreto 1074 de 2015.<\/p>\n<!-- wp:heading -->\n<p><strong>1. TRATAMIENTO Y FINALIDAD:<\/strong> El tratamiento que realizar\u00e1 AMS Agencia de Mercadeo en Salud con la informaci\u00f3n personal ser\u00e1 la recolecci\u00f3n, almacenamiento, uso y circulaci\u00f3n con las siguientes finalidades:<\/p>\n<ol>\n<li style=\"font-weight: 400;\" aria-level=\"4\"><span style=\"font-weight: 400;\">Suministrar informaci\u00f3n de contacto al proceso de Gesti\u00f3n de Mercadeo, Comercial y Servicio al Cliente.<\/span><\/li>\n<li style=\"font-weight: 400;\" aria-level=\"4\"><span style=\"font-weight: 400;\">Contactar al titular a trav\u00e9s de medios de comunicaci\u00f3n telef\u00f3nica, WhatsApp, correo electr\u00f3nico o mensaje de texto para darle a conocer al interesado, los dispositivos m\u00e9dicos auditivos y los servicios en salud.<\/span><\/li>\n<li style=\"font-weight: 400;\" aria-level=\"4\"><span style=\"font-weight: 400;\">Enviarle al titular informaci\u00f3n sobre noticias relacionadas con campa\u00f1as de fidelizaci\u00f3n, promociones o mejoras de servicios.<\/span><\/li>\n<li style=\"font-weight: 400;\" aria-level=\"4\"><span style=\"font-weight: 400;\">Suministrar la informaci\u00f3n al proveedor de marketing contratado mediante acuerdos de confidencialidad, para seguimiento de la gesti\u00f3n de mercadeo y comercial.<\/span><\/li>\n<li style=\"font-weight: 400;\" aria-level=\"4\"><span style=\"font-weight: 400;\">Registrarla en los sistemas de informaci\u00f3n corporativos como soporte y garantizar con la trazabilidad de la gesti\u00f3n en cada proceso.<\/span><\/li>\n<\/ol>\n<p><b>2. DERECHOS DEL TITULAR:<\/b><span style=\"font-weight: 400;\"> Como titular de sus datos personales usted tiene derecho a: <\/span><b>(i)<\/b><span style=\"font-weight: 400;\"> Acceder en forma gratuita a los datos proporcionados que hayan sido objeto de tratamiento. <\/span><b>(ii)<\/b><span style=\"font-weight: 400;\"> Conocer, actualizar y rectificar su informaci\u00f3n frente a datos parciales, inexactos, incompletos, fraccionados, que induzcan a error, o a aquellos cuyo tratamiento est\u00e9 prohibido o no haya sido autorizado. <\/span><b>(iii)<\/b><span style=\"font-weight: 400;\"> Solicitar prueba de la autorizaci\u00f3n otorgada. <\/span><b>(iv)<\/b><span style=\"font-weight: 400;\"> Presentar ante la Superintendencia de Industria y Comercio (SIC) quejas por infracciones a lo dispuesto en la normatividad vigente. <\/span><b>(v)<\/b><span style=\"font-weight: 400;\"> Revocar la autorizaci\u00f3n y\/o solicitar la supresi\u00f3n del dato, siempre que no exista un deber legal o contractual que impida eliminarlos. <\/span><b>(vi)<\/b><span style=\"font-weight: 400;\"> Abstenerse de responder las preguntas sobre datos sensibles. Tendr\u00e1n car\u00e1cter facultativo las respuestas que versen sobre datos sensibles o sobre datos de las ni\u00f1as y ni\u00f1os y adolescentes.<\/span><\/p>\n<p><b>3. MECANISMOS PARA CONOCER LA POL\u00cdTICA DE TRATAMIENTO:<\/b><span style=\"font-weight: 400;\"> El titular puede acceder a nuestra Pol\u00edtica de Tratamiento de Datos Personales, la cual se encuentra publicada en nuestra p\u00e1gina web <\/span><span style=\"text-decoration: underline; color: #ea5b0c;\"><strong><a style=\"color: #ea5b0c; text-decoration: underline;\" href=\"https:\/\/mercadeosalud.com\/en\/\">www.mercadeosalud.com<\/a><\/strong><\/span><\/p>\t\t\t\t\t\t<\/div>\n\t\t\t\t<\/div>\n\t\t\t\t\t<\/div>\n\t\t<\/div>\n\t\t\t\t\t<\/div>\n\t\t<\/section>\n\t\t\t\t<\/div>","protected":false},"excerpt":{"rendered":"<p>AVISO DE PRIVACIDAD El presente Aviso de Privacidad establece los t\u00e9rminos y condiciones en virtud de los cuales AMS Agencia de Mercadeo en Salud de Colombia, realizar\u00e1 el tratamiento de sus datos personales cumpliendo lo establecido en la Ley 1581 de 2012, el Decreto 1377 de 2013 y el Decreto 1074 de 2015. 1. TRATAMIENTO [&hellip;]<\/p>","protected":false},"author":1,"featured_media":0,"parent":0,"menu_order":0,"comment_status":"closed","ping_status":"closed","template":"","meta":[],"yoast_head":"<!-- This site is optimized with the Yoast SEO plugin v21.7 - https:\/\/yoast.com\/wordpress\/plugins\/seo\/ -->\n<title>Pol\u00edtica de privacidad - Mercadeo Salud<\/title>\n<meta name=\"description\" content=\"Pol\u00edtica de privacidad de AMS Agencia de Mercadeo en Salud, expertos en posicionamiento web y redes sociales para profesionales de la salud.\" \/>\n<meta name=\"robots\" content=\"index, follow, max-snippet:-1, max-image-preview:large, max-video-preview:-1\" \/>\n<link rel=\"canonical\" href=\"https:\/\/mercadeosalud.com\/en\/politica-de-privacidad\/\" \/>\n<meta property=\"og:locale\" content=\"en_US\" \/>\n<meta property=\"og:type\" content=\"article\" \/>\n<meta property=\"og:title\" content=\"Pol\u00edtica de privacidad - Mercadeo Salud\" \/>\n<meta property=\"og:description\" content=\"Pol\u00edtica de privacidad de AMS Agencia de Mercadeo en Salud, expertos en posicionamiento web y redes sociales para profesionales de la salud.\" \/>\n<meta property=\"og:url\" content=\"https:\/\/mercadeosalud.com\/en\/politica-de-privacidad\/\" \/>\n<meta property=\"og:site_name\" content=\"Mercadeo Salud\" \/>\n<meta property=\"article:modified_time\" content=\"2021-07-15T19:36:23+00:00\" \/>\n<meta name=\"twitter:card\" content=\"summary_large_image\" \/>\n<meta name=\"twitter:label1\" content=\"Est. reading time\" \/>\n\t<meta name=\"twitter:data1\" content=\"2 minutes\" \/>\n<script type=\"application\/ld+json\" class=\"yoast-schema-graph\">{\"@context\":\"https:\/\/schema.org\",\"@graph\":[{\"@type\":\"WebPage\",\"@id\":\"https:\/\/mercadeosalud.com\/politica-de-privacidad\/\",\"url\":\"https:\/\/mercadeosalud.com\/politica-de-privacidad\/\",\"name\":\"Pol\u00edtica de privacidad - Mercadeo Salud\",\"isPartOf\":{\"@id\":\"https:\/\/mercadeosalud.com\/#website\"},\"datePublished\":\"2021-06-12T03:36:09+00:00\",\"dateModified\":\"2021-07-15T19:36:23+00:00\",\"description\":\"Pol\u00edtica de privacidad de AMS Agencia de Mercadeo en Salud, expertos en posicionamiento web y redes sociales para profesionales de la salud.\",\"breadcrumb\":{\"@id\":\"https:\/\/mercadeosalud.com\/politica-de-privacidad\/#breadcrumb\"},\"inLanguage\":\"en-US\",\"potentialAction\":[{\"@type\":\"ReadAction\",\"target\":[\"https:\/\/mercadeosalud.com\/politica-de-privacidad\/\"]}]},{\"@type\":\"BreadcrumbList\",\"@id\":\"https:\/\/mercadeosalud.com\/politica-de-privacidad\/#breadcrumb\",\"itemListElement\":[{\"@type\":\"ListItem\",\"position\":1,\"name\":\"Home\",\"item\":\"https:\/\/mercadeosalud.com\/\"},{\"@type\":\"ListItem\",\"position\":2,\"name\":\"Pol\u00edtica de privacidad\"}]},{\"@type\":\"WebSite\",\"@id\":\"https:\/\/mercadeosalud.com\/#website\",\"url\":\"https:\/\/mercadeosalud.com\/\",\"name\":\"Mercadeo Salud\",\"description\":\"Ofrecemos servicios de Mercadeo en Salud que transforman digitalmente a las empresas del sector.\",\"publisher\":{\"@id\":\"https:\/\/mercadeosalud.com\/#organization\"},\"potentialAction\":[{\"@type\":\"SearchAction\",\"target\":{\"@type\":\"EntryPoint\",\"urlTemplate\":\"https:\/\/mercadeosalud.com\/?s={search_term_string}\"},\"query-input\":\"required name=search_term_string\"}],\"inLanguage\":\"en-US\"},{\"@type\":\"Organization\",\"@id\":\"https:\/\/mercadeosalud.com\/#organization\",\"name\":\"Mercadeo Salud\",\"url\":\"https:\/\/mercadeosalud.com\/\",\"logo\":{\"@type\":\"ImageObject\",\"inLanguage\":\"en-US\",\"@id\":\"https:\/\/mercadeosalud.com\/#\/schema\/logo\/image\/\",\"url\":\"https:\/\/mercadeosalud.com\/wp-content\/uploads\/2021\/07\/logo.png\",\"contentUrl\":\"https:\/\/mercadeosalud.com\/wp-content\/uploads\/2021\/07\/logo.png\",\"width\":500,\"height\":215,\"caption\":\"Mercadeo Salud\"},\"image\":{\"@id\":\"https:\/\/mercadeosalud.com\/#\/schema\/logo\/image\/\"}}]}<\/script>\n<!-- \/ Yoast SEO plugin. -->","yoast_head_json":{"title":"Pol\u00edtica de privacidad - Mercadeo Salud","description":"Pol\u00edtica de privacidad de AMS Agencia de Mercadeo en Salud, expertos en posicionamiento web y redes sociales para profesionales de la salud.","robots":{"index":"index","follow":"follow","max-snippet":"max-snippet:-1","max-image-preview":"max-image-preview:large","max-video-preview":"max-video-preview:-1"},"canonical":"https:\/\/mercadeosalud.com\/en\/politica-de-privacidad\/","og_locale":"en_US","og_type":"article","og_title":"Pol\u00edtica de privacidad - Mercadeo Salud","og_description":"Pol\u00edtica de privacidad de AMS Agencia de Mercadeo en Salud, expertos en posicionamiento web y redes sociales para profesionales de la salud.","og_url":"https:\/\/mercadeosalud.com\/en\/politica-de-privacidad\/","og_site_name":"Mercadeo Salud","article_modified_time":"2021-07-15T19:36:23+00:00","twitter_card":"summary_large_image","twitter_misc":{"Est. reading time":"2 minutes"},"schema":{"@context":"https:\/\/schema.org","@graph":[{"@type":"WebPage","@id":"https:\/\/mercadeosalud.com\/politica-de-privacidad\/","url":"https:\/\/mercadeosalud.com\/politica-de-privacidad\/","name":"Pol\u00edtica de privacidad - Mercadeo Salud","isPartOf":{"@id":"https:\/\/mercadeosalud.com\/#website"},"datePublished":"2021-06-12T03:36:09+00:00","dateModified":"2021-07-15T19:36:23+00:00","description":"Pol\u00edtica de privacidad de AMS Agencia de Mercadeo en Salud, expertos en posicionamiento web y redes sociales para profesionales de la salud.","breadcrumb":{"@id":"https:\/\/mercadeosalud.com\/politica-de-privacidad\/#breadcrumb"},"inLanguage":"en-US","potentialAction":[{"@type":"ReadAction","target":["https:\/\/mercadeosalud.com\/politica-de-privacidad\/"]}]},{"@type":"BreadcrumbList","@id":"https:\/\/mercadeosalud.com\/politica-de-privacidad\/#breadcrumb","itemListElement":[{"@type":"ListItem","position":1,"name":"Home","item":"https:\/\/mercadeosalud.com\/"},{"@type":"ListItem","position":2,"name":"Pol\u00edtica de privacidad"}]},{"@type":"WebSite","@id":"https:\/\/mercadeosalud.com\/#website","url":"https:\/\/mercadeosalud.com\/","name":"Mercadeo Salud","description":"We offer Healthcare Marketing Services that digitally transform organizations in the medical sector.","publisher":{"@id":"https:\/\/mercadeosalud.com\/#organization"},"potentialAction":[{"@type":"SearchAction","target":{"@type":"EntryPoint","urlTemplate":"https:\/\/mercadeosalud.com\/?s={search_term_string}"},"query-input":"required name=search_term_string"}],"inLanguage":"en-US"},{"@type":"Organization","@id":"https:\/\/mercadeosalud.com\/#organization","name":"Mercadeo Salud","url":"https:\/\/mercadeosalud.com\/","logo":{"@type":"ImageObject","inLanguage":"en-US","@id":"https:\/\/mercadeosalud.com\/#\/schema\/logo\/image\/","url":"https:\/\/mercadeosalud.com\/wp-content\/uploads\/2021\/07\/logo.png","contentUrl":"https:\/\/mercadeosalud.com\/wp-content\/uploads\/2021\/07\/logo.png","width":500,"height":215,"caption":"Mercadeo Salud"},"image":{"@id":"https:\/\/mercadeosalud.com\/#\/schema\/logo\/image\/"}}]}},"_links":{"self":[{"href":"https:\/\/mercadeosalud.com\/en\/wp-json\/wp\/v2\/pages\/3"}],"collection":[{"href":"https:\/\/mercadeosalud.com\/en\/wp-json\/wp\/v2\/pages"}],"about":[{"href":"https:\/\/mercadeosalud.com\/en\/wp-json\/wp\/v2\/types\/page"}],"author":[{"embeddable":true,"href":"https:\/\/mercadeosalud.com\/en\/wp-json\/wp\/v2\/users\/1"}],"replies":[{"embeddable":true,"href":"https:\/\/mercadeosalud.com\/en\/wp-json\/wp\/v2\/comments?post=3"}],"version-history":[{"count":16,"href":"https:\/\/mercadeosalud.com\/en\/wp-json\/wp\/v2\/pages\/3\/revisions"}],"predecessor-version":[{"id":2070,"href":"https:\/\/mercadeosalud.com\/en\/wp-json\/wp\/v2\/pages\/3\/revisions\/2070"}],"wp:attachment":[{"href":"https:\/\/mercadeosalud.com\/en\/wp-json\/wp\/v2\/media?parent=3"}],"curies":[{"name":"wp","href":"https:\/\/api.w.org\/{rel}","templated":true}]}}