{"id":4550,"date":"2024-06-26T16:22:27","date_gmt":"2024-06-26T16:22:27","guid":{"rendered":"https:\/\/mercadeosalud.com\/?page_id=4550"},"modified":"2024-06-26T16:32:08","modified_gmt":"2024-06-26T16:32:08","slug":"contacto-ebook-el-poder-de-la-publicidad","status":"publish","type":"page","link":"https:\/\/mercadeosalud.com\/en\/contacto-ebook-el-poder-de-la-publicidad\/","title":{"rendered":"contacto ebook el poder de la publicidad"},"content":{"rendered":"<div data-elementor-type=\"wp-page\" data-elementor-id=\"4550\" class=\"elementor elementor-4550\">\n\t\t\t\t\t\t<section class=\"elementor-section elementor-top-section elementor-element elementor-element-7dbf7ea elementor-section-boxed elementor-section-height-default elementor-section-height-default\" data-id=\"7dbf7ea\" data-element_type=\"section\">\n\t\t\t\t\t\t<div class=\"elementor-container elementor-column-gap-default\">\n\t\t\t\t\t<div class=\"elementor-column elementor-col-100 elementor-top-column elementor-element elementor-element-181bde0\" data-id=\"181bde0\" data-element_type=\"column\">\n\t\t\t<div class=\"elementor-widget-wrap elementor-element-populated\">\n\t\t\t\t\t\t<div class=\"elementor-element elementor-element-d3dca94 elementor-widget elementor-widget-spacer\" data-id=\"d3dca94\" data-element_type=\"widget\" data-widget_type=\"spacer.default\">\n\t\t\t\t<div class=\"elementor-widget-container\">\n\t\t\t\t\t<div class=\"elementor-spacer\">\n\t\t\t<div class=\"elementor-spacer-inner\"><\/div>\n\t\t<\/div>\n\t\t\t\t<\/div>\n\t\t\t\t<\/div>\n\t\t\t\t\t<\/div>\n\t\t<\/div>\n\t\t\t\t\t<\/div>\n\t\t<\/section>\n\t\t\t\t<section class=\"elementor-section elementor-top-section elementor-element elementor-element-d5b1c9e elementor-section-boxed elementor-section-height-default elementor-section-height-default\" data-id=\"d5b1c9e\" data-element_type=\"section\">\n\t\t\t\t\t\t<div class=\"elementor-container elementor-column-gap-default\">\n\t\t\t\t\t<div class=\"elementor-column elementor-col-100 elementor-top-column elementor-element elementor-element-a952d2a\" data-id=\"a952d2a\" data-element_type=\"column\">\n\t\t\t<div class=\"elementor-widget-wrap elementor-element-populated\">\n\t\t\t\t\t\t<section class=\"elementor-section elementor-inner-section elementor-element elementor-element-99701e9 elementor-section-boxed elementor-section-height-default elementor-section-height-default\" data-id=\"99701e9\" data-element_type=\"section\">\n\t\t\t\t\t\t<div class=\"elementor-container elementor-column-gap-default\">\n\t\t\t\t\t<div class=\"elementor-column elementor-col-50 elementor-inner-column elementor-element elementor-element-57bb669\" data-id=\"57bb669\" data-element_type=\"column\">\n\t\t\t<div class=\"elementor-widget-wrap elementor-element-populated\">\n\t\t\t\t\t\t<div class=\"elementor-element elementor-element-2aeb1d8 elementor-arrows-position-inside elementor-pagination-position-outside elementor-widget elementor-widget-image-carousel\" data-id=\"2aeb1d8\" data-element_type=\"widget\" data-settings=\"{&quot;slides_to_show&quot;:&quot;1&quot;,&quot;navigation&quot;:&quot;both&quot;,&quot;autoplay&quot;:&quot;yes&quot;,&quot;pause_on_hover&quot;:&quot;yes&quot;,&quot;pause_on_interaction&quot;:&quot;yes&quot;,&quot;autoplay_speed&quot;:5000,&quot;infinite&quot;:&quot;yes&quot;,&quot;effect&quot;:&quot;slide&quot;,&quot;speed&quot;:500}\" data-widget_type=\"image-carousel.default\">\n\t\t\t\t<div class=\"elementor-widget-container\">\n\t\t\t\t\t<div class=\"elementor-image-carousel-wrapper swiper\" dir=\"ltr\">\n\t\t\t<div class=\"elementor-image-carousel swiper-wrapper\" aria-live=\"off\">\n\t\t\t\t\t\t\t\t<div class=\"swiper-slide\" role=\"group\" aria-roledescription=\"slide\" aria-label=\"1 of 2\"><figure class=\"swiper-slide-inner\"><img decoding=\"async\" class=\"swiper-slide-image\" src=\"https:\/\/mercadeosalud.com\/wp-content\/uploads\/elementor\/thumbs\/el-poder-de-la-publicidad-en-el-sector-salud-qq8hkfi7ub9kpd0m6rtsxhipm66pcbsfoxrmama2tg.png\" alt=\"el-poder-de-la-publicidad-en-el-sector-salud\" \/><\/figure><\/div><div class=\"swiper-slide\" role=\"group\" aria-roledescription=\"slide\" aria-label=\"2 of 2\"><figure class=\"swiper-slide-inner\"><img decoding=\"async\" class=\"swiper-slide-image\" src=\"https:\/\/mercadeosalud.com\/wp-content\/uploads\/elementor\/thumbs\/cual-es-el-poder-de-la-publicidad-en-el-sector-salud-qq8hjwpg1mju95rx8jp9jm9hqgrd2dpsycpwp31y9w.png\" alt=\"cual-es-el-poder-de-la-publicidad-en-el-sector-salud\" \/><\/figure><\/div>\t\t\t<\/div>\n\t\t\t\t\t\t\t\t\t\t\t\t<div class=\"elementor-swiper-button elementor-swiper-button-prev\" role=\"button\" tabindex=\"0\">\n\t\t\t\t\t\t<i aria-hidden=\"true\" class=\"eicon-chevron-left\"><\/i>\t\t\t\t\t<\/div>\n\t\t\t\t\t<div class=\"elementor-swiper-button elementor-swiper-button-next\" role=\"button\" tabindex=\"0\">\n\t\t\t\t\t\t<i aria-hidden=\"true\" class=\"eicon-chevron-right\"><\/i>\t\t\t\t\t<\/div>\n\t\t\t\t\n\t\t\t\t\t\t\t\t\t<div class=\"swiper-pagination\"><\/div>\n\t\t\t\t\t\t\t\t\t<\/div>\n\t\t\t\t<\/div>\n\t\t\t\t<\/div>\n\t\t\t\t\t<\/div>\n\t\t<\/div>\n\t\t\t\t<div class=\"elementor-column elementor-col-50 elementor-inner-column elementor-element elementor-element-3a5cc6f\" data-id=\"3a5cc6f\" data-element_type=\"column\">\n\t\t\t<div class=\"elementor-widget-wrap elementor-element-populated\">\n\t\t\t\t\t\t<div class=\"elementor-element elementor-element-e64b619 elementor-invisible elementor-widget elementor-widget-heading\" data-id=\"e64b619\" data-element_type=\"widget\" data-settings=\"{&quot;_animation&quot;:&quot;fadeInRight&quot;}\" data-widget_type=\"heading.default\">\n\t\t\t\t<div class=\"elementor-widget-container\">\n\t\t\t<h4 class=\"elementor-heading-title elementor-size-default\">\u00a1Reg\u00edstrate y adquiere tu Ebook GRATIS!<\/h4>\t\t<\/div>\n\t\t\t\t<\/div>\n\t\t\t\t<div class=\"elementor-element elementor-element-50cd972 elementor-invisible elementor-widget elementor-widget-wpforms\" data-id=\"50cd972\" data-element_type=\"widget\" data-settings=\"{&quot;_animation&quot;:&quot;fadeInRight&quot;}\" data-widget_type=\"wpforms.default\">\n\t\t\t\t<div class=\"elementor-widget-container\">\n\t\t\t<div class=\"wpforms-container wpforms-container-full\" id=\"wpforms-4555\"><form id=\"wpforms-form-4555\" class=\"wpforms-validate wpforms-form wpforms-ajax-form\" data-formid=\"4555\" method=\"post\" enctype=\"multipart\/form-data\" action=\"\/en\/wp-json\/wp\/v2\/pages\/4550\" data-token=\"3efa222d1374ab788b21b68fcbafbd1c\" data-token-time=\"1777594739\" data-trp-original-action=\"\/en\/wp-json\/wp\/v2\/pages\/4550\"><noscript class=\"wpforms-error-noscript\">Please enable JavaScript in your browser to complete this form.<\/noscript><div class=\"wpforms-field-container\"><div id=\"wpforms-4555-field_0-container\" class=\"wpforms-field wpforms-field-name\" data-field-id=\"0\"><label class=\"wpforms-field-label\" for=\"wpforms-4555-field_0\">\u00bfCu\u00e1l es tu nombre? <span class=\"wpforms-required-label\">*<\/span><\/label><input type=\"text\" id=\"wpforms-4555-field_0\" class=\"wpforms-field-medium wpforms-field-required\" name=\"wpforms[fields][0]\" required><\/div><div id=\"wpforms-4555-field_6-container\" class=\"wpforms-field wpforms-field-number\" data-field-id=\"6\"><label class=\"wpforms-field-label\" for=\"wpforms-4555-field_6\">\u00bfCu\u00e1l es tu n\u00famero celular?<\/label><input type=\"number\" id=\"wpforms-4555-field_6\" class=\"wpforms-field-medium\" name=\"wpforms[fields][6]\" step=\"any\" ><\/div><div id=\"wpforms-4555-field_1-container\" class=\"wpforms-field wpforms-field-email\" data-field-id=\"1\"><label class=\"wpforms-field-label\" for=\"wpforms-4555-field_1\">\u00bfCu\u00e1l es tu correo electr\u00f3nico? <span class=\"wpforms-required-label\">*<\/span><\/label><input type=\"email\" id=\"wpforms-4555-field_1\" class=\"wpforms-field-medium wpforms-field-required\" name=\"wpforms[fields][1]\" spellcheck=\"false\" required><\/div><div id=\"wpforms-4555-field_5-container\" class=\"wpforms-field wpforms-field-checkbox\" data-field-id=\"5\"><label class=\"wpforms-field-label\">Acepto la Pol\u00edtica de protecci\u00f3n de datos personales, la Pol\u00edtica de privacidad y los t\u00e9rminos y condiciones. <span class=\"wpforms-required-label\">*<\/span><\/label><ul id=\"wpforms-4555-field_5\" class=\"wpforms-field-required\"><li class=\"choice-1 depth-1\"><input type=\"checkbox\" id=\"wpforms-4555-field_5_1\" name=\"wpforms[fields][5][]\" value=\"Acepto\" required><label class=\"wpforms-field-label-inline\" for=\"wpforms-4555-field_5_1\">Acepto<\/label><\/li><\/ul><\/div><\/div><!-- .wpforms-field-container --><div class=\"wpforms-submit-container\" ><input type=\"hidden\" name=\"wpforms[id]\" value=\"4555\"><input type=\"hidden\" name=\"page_title\" value=\"\"><input type=\"hidden\" name=\"page_url\" value=\"https:\/\/mercadeosalud.com\/en\/wp-json\/wp\/v2\/pages\/4550\"><input type=\"hidden\" name=\"url_referer\" value=\"\"><button type=\"submit\" name=\"wpforms[submit]\" id=\"wpforms-submit-4555\" class=\"wpforms-submit\" data-alt-text=\"Descargando...\" data-submit-text=\"Descargar\" aria-live=\"assertive\" value=\"wpforms-submit\">Descargar<\/button><img decoding=\"async\" src=\"https:\/\/mercadeosalud.com\/wp-content\/plugins\/wpforms-lite\/assets\/images\/submit-spin.svg\" class=\"wpforms-submit-spinner\" style=\"display: none;\" width=\"26\" height=\"26\" alt=\"Loading\"><\/div><input type=\"hidden\" name=\"trp-form-language\" value=\"en\"\/><\/form><\/div>  <!-- .wpforms-container -->\t\t<\/div>\n\t\t\t\t<\/div>\n\t\t\t\t\t<\/div>\n\t\t<\/div>\n\t\t\t\t\t<\/div>\n\t\t<\/section>\n\t\t\t\t\t<\/div>\n\t\t<\/div>\n\t\t\t\t\t<\/div>\n\t\t<\/section>\n\t\t\t\t<\/div>","protected":false},"excerpt":{"rendered":"<p>\u00a1Reg\u00edstrate y adquiere tu Ebook GRATIS! Please enable JavaScript in your browser to complete this form.\u00bfCu\u00e1l es tu nombre? *\u00bfCu\u00e1l es tu n\u00famero celular?\u00bfCu\u00e1l es tu correo electr\u00f3nico? *Acepto la Pol\u00edtica de protecci\u00f3n de datos personales, la Pol\u00edtica de privacidad y los t\u00e9rminos y condiciones. * Acepto Descargar<\/p>","protected":false},"author":1,"featured_media":0,"parent":0,"menu_order":0,"comment_status":"closed","ping_status":"closed","template":"elementor_canvas","meta":[],"yoast_head":"<!-- This site is optimized with the Yoast SEO plugin v21.7 - https:\/\/yoast.com\/wordpress\/plugins\/seo\/ -->\n<title>contacto ebook el poder de la publicidad - Mercadeo Salud<\/title>\n<meta name=\"robots\" content=\"index, follow, max-snippet:-1, max-image-preview:large, max-video-preview:-1\" \/>\n<link rel=\"canonical\" href=\"https:\/\/mercadeosalud.com\/en\/contacto-ebook-el-poder-de-la-publicidad\/\" \/>\n<meta property=\"og:locale\" content=\"en_US\" \/>\n<meta property=\"og:type\" content=\"article\" \/>\n<meta property=\"og:title\" content=\"contacto ebook el poder de la publicidad - Mercadeo Salud\" \/>\n<meta property=\"og:description\" content=\"\u00a1Reg\u00edstrate y adquiere tu Ebook GRATIS! Please enable JavaScript in your browser to complete this form.\u00bfCu\u00e1l es tu nombre? *\u00bfCu\u00e1l es tu n\u00famero celular?\u00bfCu\u00e1l es tu correo electr\u00f3nico? *Acepto la Pol\u00edtica de protecci\u00f3n de datos personales, la Pol\u00edtica de privacidad y los t\u00e9rminos y condiciones. * Acepto Descargar\" \/>\n<meta property=\"og:url\" content=\"https:\/\/mercadeosalud.com\/en\/contacto-ebook-el-poder-de-la-publicidad\/\" \/>\n<meta property=\"og:site_name\" content=\"Mercadeo Salud\" \/>\n<meta property=\"article:modified_time\" content=\"2024-06-26T16:32:08+00:00\" \/>\n<meta property=\"og:image\" content=\"https:\/\/mercadeosalud.com\/wp-content\/uploads\/elementor\/thumbs\/el-poder-de-la-publicidad-en-el-sector-salud-qq8hkfi7ub9kpd0m6rtsxhipm66pcbsfoxrmama2tg.png\" \/>\n<meta name=\"twitter:card\" content=\"summary_large_image\" \/>\n<meta name=\"twitter:label1\" content=\"Est. reading time\" \/>\n\t<meta name=\"twitter:data1\" content=\"1 minute\" \/>\n<script type=\"application\/ld+json\" class=\"yoast-schema-graph\">{\"@context\":\"https:\/\/schema.org\",\"@graph\":[{\"@type\":\"WebPage\",\"@id\":\"https:\/\/mercadeosalud.com\/contacto-ebook-el-poder-de-la-publicidad\/\",\"url\":\"https:\/\/mercadeosalud.com\/contacto-ebook-el-poder-de-la-publicidad\/\",\"name\":\"contacto ebook el poder de la publicidad - Mercadeo Salud\",\"isPartOf\":{\"@id\":\"https:\/\/mercadeosalud.com\/#website\"},\"datePublished\":\"2024-06-26T16:22:27+00:00\",\"dateModified\":\"2024-06-26T16:32:08+00:00\",\"breadcrumb\":{\"@id\":\"https:\/\/mercadeosalud.com\/contacto-ebook-el-poder-de-la-publicidad\/#breadcrumb\"},\"inLanguage\":\"en-US\",\"potentialAction\":[{\"@type\":\"ReadAction\",\"target\":[\"https:\/\/mercadeosalud.com\/contacto-ebook-el-poder-de-la-publicidad\/\"]}]},{\"@type\":\"BreadcrumbList\",\"@id\":\"https:\/\/mercadeosalud.com\/contacto-ebook-el-poder-de-la-publicidad\/#breadcrumb\",\"itemListElement\":[{\"@type\":\"ListItem\",\"position\":1,\"name\":\"Home\",\"item\":\"https:\/\/mercadeosalud.com\/\"},{\"@type\":\"ListItem\",\"position\":2,\"name\":\"contacto ebook el poder de la publicidad\"}]},{\"@type\":\"WebSite\",\"@id\":\"https:\/\/mercadeosalud.com\/#website\",\"url\":\"https:\/\/mercadeosalud.com\/\",\"name\":\"Mercadeo Salud\",\"description\":\"Ofrecemos servicios de Mercadeo en Salud que transforman digitalmente a las empresas del sector.\",\"publisher\":{\"@id\":\"https:\/\/mercadeosalud.com\/#organization\"},\"potentialAction\":[{\"@type\":\"SearchAction\",\"target\":{\"@type\":\"EntryPoint\",\"urlTemplate\":\"https:\/\/mercadeosalud.com\/?s={search_term_string}\"},\"query-input\":\"required name=search_term_string\"}],\"inLanguage\":\"en-US\"},{\"@type\":\"Organization\",\"@id\":\"https:\/\/mercadeosalud.com\/#organization\",\"name\":\"Mercadeo Salud\",\"url\":\"https:\/\/mercadeosalud.com\/\",\"logo\":{\"@type\":\"ImageObject\",\"inLanguage\":\"en-US\",\"@id\":\"https:\/\/mercadeosalud.com\/#\/schema\/logo\/image\/\",\"url\":\"https:\/\/mercadeosalud.com\/wp-content\/uploads\/2021\/07\/logo.png\",\"contentUrl\":\"https:\/\/mercadeosalud.com\/wp-content\/uploads\/2021\/07\/logo.png\",\"width\":500,\"height\":215,\"caption\":\"Mercadeo Salud\"},\"image\":{\"@id\":\"https:\/\/mercadeosalud.com\/#\/schema\/logo\/image\/\"}}]}<\/script>\n<!-- \/ Yoast SEO plugin. -->","yoast_head_json":{"title":"contacto ebook el poder de la publicidad - Mercadeo Salud","robots":{"index":"index","follow":"follow","max-snippet":"max-snippet:-1","max-image-preview":"max-image-preview:large","max-video-preview":"max-video-preview:-1"},"canonical":"https:\/\/mercadeosalud.com\/en\/contacto-ebook-el-poder-de-la-publicidad\/","og_locale":"en_US","og_type":"article","og_title":"contacto ebook el poder de la publicidad - Mercadeo Salud","og_description":"\u00a1Reg\u00edstrate y adquiere tu Ebook GRATIS! Please enable JavaScript in your browser to complete this form.\u00bfCu\u00e1l es tu nombre? *\u00bfCu\u00e1l es tu n\u00famero celular?\u00bfCu\u00e1l es tu correo electr\u00f3nico? *Acepto la Pol\u00edtica de protecci\u00f3n de datos personales, la Pol\u00edtica de privacidad y los t\u00e9rminos y condiciones. * Acepto Descargar","og_url":"https:\/\/mercadeosalud.com\/en\/contacto-ebook-el-poder-de-la-publicidad\/","og_site_name":"Mercadeo Salud","article_modified_time":"2024-06-26T16:32:08+00:00","og_image":[{"url":"https:\/\/mercadeosalud.com\/wp-content\/uploads\/elementor\/thumbs\/el-poder-de-la-publicidad-en-el-sector-salud-qq8hkfi7ub9kpd0m6rtsxhipm66pcbsfoxrmama2tg.png"}],"twitter_card":"summary_large_image","twitter_misc":{"Est. reading time":"1 minute"},"schema":{"@context":"https:\/\/schema.org","@graph":[{"@type":"WebPage","@id":"https:\/\/mercadeosalud.com\/contacto-ebook-el-poder-de-la-publicidad\/","url":"https:\/\/mercadeosalud.com\/contacto-ebook-el-poder-de-la-publicidad\/","name":"contacto ebook el poder de la publicidad - Mercadeo Salud","isPartOf":{"@id":"https:\/\/mercadeosalud.com\/#website"},"datePublished":"2024-06-26T16:22:27+00:00","dateModified":"2024-06-26T16:32:08+00:00","breadcrumb":{"@id":"https:\/\/mercadeosalud.com\/contacto-ebook-el-poder-de-la-publicidad\/#breadcrumb"},"inLanguage":"en-US","potentialAction":[{"@type":"ReadAction","target":["https:\/\/mercadeosalud.com\/contacto-ebook-el-poder-de-la-publicidad\/"]}]},{"@type":"BreadcrumbList","@id":"https:\/\/mercadeosalud.com\/contacto-ebook-el-poder-de-la-publicidad\/#breadcrumb","itemListElement":[{"@type":"ListItem","position":1,"name":"Home","item":"https:\/\/mercadeosalud.com\/"},{"@type":"ListItem","position":2,"name":"contacto ebook el poder de la publicidad"}]},{"@type":"WebSite","@id":"https:\/\/mercadeosalud.com\/#website","url":"https:\/\/mercadeosalud.com\/","name":"Mercadeo Salud","description":"We offer Healthcare Marketing Services that digitally transform organizations in the medical sector.","publisher":{"@id":"https:\/\/mercadeosalud.com\/#organization"},"potentialAction":[{"@type":"SearchAction","target":{"@type":"EntryPoint","urlTemplate":"https:\/\/mercadeosalud.com\/?s={search_term_string}"},"query-input":"required name=search_term_string"}],"inLanguage":"en-US"},{"@type":"Organization","@id":"https:\/\/mercadeosalud.com\/#organization","name":"Mercadeo Salud","url":"https:\/\/mercadeosalud.com\/","logo":{"@type":"ImageObject","inLanguage":"en-US","@id":"https:\/\/mercadeosalud.com\/#\/schema\/logo\/image\/","url":"https:\/\/mercadeosalud.com\/wp-content\/uploads\/2021\/07\/logo.png","contentUrl":"https:\/\/mercadeosalud.com\/wp-content\/uploads\/2021\/07\/logo.png","width":500,"height":215,"caption":"Mercadeo Salud"},"image":{"@id":"https:\/\/mercadeosalud.com\/#\/schema\/logo\/image\/"}}]}},"_links":{"self":[{"href":"https:\/\/mercadeosalud.com\/en\/wp-json\/wp\/v2\/pages\/4550"}],"collection":[{"href":"https:\/\/mercadeosalud.com\/en\/wp-json\/wp\/v2\/pages"}],"about":[{"href":"https:\/\/mercadeosalud.com\/en\/wp-json\/wp\/v2\/types\/page"}],"author":[{"embeddable":true,"href":"https:\/\/mercadeosalud.com\/en\/wp-json\/wp\/v2\/users\/1"}],"replies":[{"embeddable":true,"href":"https:\/\/mercadeosalud.com\/en\/wp-json\/wp\/v2\/comments?post=4550"}],"version-history":[{"count":7,"href":"https:\/\/mercadeosalud.com\/en\/wp-json\/wp\/v2\/pages\/4550\/revisions"}],"predecessor-version":[{"id":4562,"href":"https:\/\/mercadeosalud.com\/en\/wp-json\/wp\/v2\/pages\/4550\/revisions\/4562"}],"wp:attachment":[{"href":"https:\/\/mercadeosalud.com\/en\/wp-json\/wp\/v2\/media?parent=4550"}],"curies":[{"name":"wp","href":"https:\/\/api.w.org\/{rel}","templated":true}]}}