{"id":5505,"date":"2025-03-25T22:38:16","date_gmt":"2025-03-25T22:38:16","guid":{"rendered":"https:\/\/mercadeosalud.com\/?page_id=5505"},"modified":"2025-04-11T22:48:35","modified_gmt":"2025-04-11T22:48:35","slug":"marca-medica-3","status":"publish","type":"page","link":"https:\/\/mercadeosalud.com\/en\/marca-medica-3\/","title":{"rendered":"MEDICAL BRANDING"},"content":{"rendered":"<div data-elementor-type=\"wp-page\" data-elementor-id=\"5505\" class=\"elementor elementor-5505\">\n\t\t\t\t\t\t<section class=\"elementor-section elementor-top-section elementor-element elementor-element-6a158cf elementor-section-stretched elementor-section-boxed elementor-section-height-default elementor-section-height-default\" data-id=\"6a158cf\" data-element_type=\"section\" data-settings=\"{&quot;stretch_section&quot;:&quot;section-stretched&quot;,&quot;background_background&quot;:&quot;classic&quot;}\">\n\t\t\t\t\t\t\t<div class=\"elementor-background-overlay\"><\/div>\n\t\t\t\t\t\t\t<div class=\"elementor-container elementor-column-gap-default\">\n\t\t\t\t\t<div class=\"elementor-column elementor-col-100 elementor-top-column elementor-element elementor-element-ffca2e2\" data-id=\"ffca2e2\" data-element_type=\"column\">\n\t\t\t<div class=\"elementor-widget-wrap elementor-element-populated\">\n\t\t\t\t\t\t<div class=\"elementor-element elementor-element-f4a0adb elementor-widget elementor-widget-heading\" data-id=\"f4a0adb\" data-element_type=\"widget\" data-widget_type=\"heading.default\">\n\t\t\t\t<div class=\"elementor-widget-container\">\n\t\t\t<h1 class=\"elementor-heading-title elementor-size-default\">Medical Branding<\/h1>\t\t<\/div>\n\t\t\t\t<\/div>\n\t\t\t\t\t<\/div>\n\t\t<\/div>\n\t\t\t\t\t<\/div>\n\t\t<\/section>\n\t\t\t\t<section class=\"elementor-section elementor-top-section elementor-element elementor-element-bb3569e elementor-section-boxed elementor-section-height-default elementor-section-height-default\" data-id=\"bb3569e\" data-element_type=\"section\">\n\t\t\t\t\t\t<div class=\"elementor-container elementor-column-gap-default\">\n\t\t\t\t\t<div class=\"elementor-column elementor-col-100 elementor-top-column elementor-element elementor-element-ae448f1\" data-id=\"ae448f1\" data-element_type=\"column\">\n\t\t\t<div class=\"elementor-widget-wrap elementor-element-populated\">\n\t\t\t\t\t\t<div class=\"elementor-element elementor-element-a94a827 elementor-widget elementor-widget-heading\" data-id=\"a94a827\" data-element_type=\"widget\" data-widget_type=\"heading.default\">\n\t\t\t\t<div class=\"elementor-widget-container\">\n\t\t\t<h2 class=\"elementor-heading-title elementor-size-default\">Together, these elements create a <strong><span style=\"color: #f06321\">unique and recognizable<\/span><\/strong> visual identity.<\/h2>\t\t<\/div>\n\t\t\t\t<\/div>\n\t\t\t\t<div class=\"elementor-element elementor-element-6566572 elementor-widget elementor-widget-text-editor\" data-id=\"6566572\" data-element_type=\"widget\" data-widget_type=\"text-editor.default\">\n\t\t\t\t<div class=\"elementor-widget-container\">\n\t\t\t\t\t\t\t<p class=\"translation-block\">At <b>AMS<\/b> \u2013 Health Marketing Agency, we specialize in creating humanized medical brands that generate strong identity and recognition for our clients. We design and conceptualize the visual identity of healthcare organizations, including:<\/p>\t\t\t\t\t\t<\/div>\n\t\t\t\t<\/div>\n\t\t\t\t\t<\/div>\n\t\t<\/div>\n\t\t\t\t\t<\/div>\n\t\t<\/section>\n\t\t\t\t<section class=\"elementor-section elementor-top-section elementor-element elementor-element-75c3c06 elementor-section-boxed elementor-section-height-default elementor-section-height-default elementor-invisible\" data-id=\"75c3c06\" data-element_type=\"section\" data-settings=\"{&quot;animation&quot;:&quot;fadeInUp&quot;}\">\n\t\t\t\t\t\t<div class=\"elementor-container elementor-column-gap-default\">\n\t\t\t\t\t<div class=\"elementor-column elementor-col-33 elementor-top-column elementor-element elementor-element-f9c0513\" data-id=\"f9c0513\" data-element_type=\"column\">\n\t\t\t<div class=\"elementor-widget-wrap elementor-element-populated\">\n\t\t\t\t\t\t<div class=\"elementor-element elementor-element-503bc81 elementor-view-default elementor-position-top elementor-mobile-position-top elementor-widget elementor-widget-icon-box\" data-id=\"503bc81\" data-element_type=\"widget\" data-widget_type=\"icon-box.default\">\n\t\t\t\t<div class=\"elementor-widget-container\">\n\t\t\t\t\t<div class=\"elementor-icon-box-wrapper\">\n\n\t\t\t\t\t\t<div class=\"elementor-icon-box-icon\">\n\t\t\t\t<span  class=\"elementor-icon elementor-animation-\">\n\t\t\t\t<i aria-hidden=\"true\" class=\"fas fa-hand-holding-medical\"><\/i>\t\t\t\t<\/span>\n\t\t\t<\/div>\n\t\t\t\n\t\t\t\t\t\t<div class=\"elementor-icon-box-content\">\n\n\t\t\t\t\t\t\t\t\t<h3 class=\"elementor-icon-box-title\">\n\t\t\t\t\t\t<span  >\n\t\t\t\t\t\t\tMedical Specialists\t\t\t\t\t\t<\/span>\n\t\t\t\t\t<\/h3>\n\t\t\t\t\n\t\t\t\t\n\t\t\t<\/div>\n\t\t\t\n\t\t<\/div>\n\t\t\t\t<\/div>\n\t\t\t\t<\/div>\n\t\t\t\t\t<\/div>\n\t\t<\/div>\n\t\t\t\t<div class=\"elementor-column elementor-col-33 elementor-top-column elementor-element elementor-element-2ee3cb3\" data-id=\"2ee3cb3\" data-element_type=\"column\">\n\t\t\t<div class=\"elementor-widget-wrap elementor-element-populated\">\n\t\t\t\t\t\t<div class=\"elementor-element elementor-element-204ca6b elementor-view-default elementor-position-top elementor-mobile-position-top elementor-widget elementor-widget-icon-box\" data-id=\"204ca6b\" data-element_type=\"widget\" data-widget_type=\"icon-box.default\">\n\t\t\t\t<div class=\"elementor-widget-container\">\n\t\t\t\t\t<div class=\"elementor-icon-box-wrapper\">\n\n\t\t\t\t\t\t<div class=\"elementor-icon-box-icon\">\n\t\t\t\t<span  class=\"elementor-icon elementor-animation-\">\n\t\t\t\t<i aria-hidden=\"true\" class=\"fas fa-flask\"><\/i>\t\t\t\t<\/span>\n\t\t\t<\/div>\n\t\t\t\n\t\t\t\t\t\t<div class=\"elementor-icon-box-content\">\n\n\t\t\t\t\t\t\t\t\t<h3 class=\"elementor-icon-box-title\">\n\t\t\t\t\t\t<span  >\n\t\t\t\t\t\t\tClinical Laboratories\t\t\t\t\t\t<\/span>\n\t\t\t\t\t<\/h3>\n\t\t\t\t\n\t\t\t\t\n\t\t\t<\/div>\n\t\t\t\n\t\t<\/div>\n\t\t\t\t<\/div>\n\t\t\t\t<\/div>\n\t\t\t\t\t<\/div>\n\t\t<\/div>\n\t\t\t\t<div class=\"elementor-column elementor-col-33 elementor-top-column elementor-element elementor-element-5426caa\" data-id=\"5426caa\" data-element_type=\"column\">\n\t\t\t<div class=\"elementor-widget-wrap elementor-element-populated\">\n\t\t\t\t\t\t<div class=\"elementor-element elementor-element-99cb9d2 elementor-view-default elementor-position-top elementor-mobile-position-top elementor-widget elementor-widget-icon-box\" data-id=\"99cb9d2\" data-element_type=\"widget\" data-widget_type=\"icon-box.default\">\n\t\t\t\t<div class=\"elementor-widget-container\">\n\t\t\t\t\t<div class=\"elementor-icon-box-wrapper\">\n\n\t\t\t\t\t\t<div class=\"elementor-icon-box-icon\">\n\t\t\t\t<span  class=\"elementor-icon elementor-animation-\">\n\t\t\t\t<i aria-hidden=\"true\" class=\"far fa-hospital\"><\/i>\t\t\t\t<\/span>\n\t\t\t<\/div>\n\t\t\t\n\t\t\t\t\t\t<div class=\"elementor-icon-box-content\">\n\n\t\t\t\t\t\t\t\t\t<h3 class=\"elementor-icon-box-title\">\n\t\t\t\t\t\t<span  >\n\t\t\t\t\t\t\tClinics and Hospitals\t\t\t\t\t\t<\/span>\n\t\t\t\t\t<\/h3>\n\t\t\t\t\n\t\t\t\t\n\t\t\t<\/div>\n\t\t\t\n\t\t<\/div>\n\t\t\t\t<\/div>\n\t\t\t\t<\/div>\n\t\t\t\t\t<\/div>\n\t\t<\/div>\n\t\t\t\t\t<\/div>\n\t\t<\/section>\n\t\t\t\t<section class=\"elementor-section elementor-top-section elementor-element elementor-element-e715259 elementor-section-boxed elementor-section-height-default elementor-section-height-default elementor-invisible\" data-id=\"e715259\" data-element_type=\"section\" data-settings=\"{&quot;animation&quot;:&quot;fadeInUp&quot;}\">\n\t\t\t\t\t\t<div class=\"elementor-container elementor-column-gap-default\">\n\t\t\t\t\t<div class=\"elementor-column elementor-col-100 elementor-top-column elementor-element elementor-element-bd5c475\" data-id=\"bd5c475\" data-element_type=\"column\">\n\t\t\t<div class=\"elementor-widget-wrap elementor-element-populated\">\n\t\t\t\t\t\t<div class=\"elementor-element elementor-element-d0fd8b1 elementor-widget elementor-widget-text-editor\" data-id=\"d0fd8b1\" data-element_type=\"widget\" data-widget_type=\"text-editor.default\">\n\t\t\t\t<div class=\"elementor-widget-container\">\n\t\t\t\t\t\t\t<p>Our goal is for each medical brand to reflect the values, mission, and vision of the organization, thereby building a consistent and professional image for its target audience.<\/p>\t\t\t\t\t\t<\/div>\n\t\t\t\t<\/div>\n\t\t\t\t\t<\/div>\n\t\t<\/div>\n\t\t\t\t\t<\/div>\n\t\t<\/section>\n\t\t\t\t<section class=\"elementor-section elementor-top-section elementor-element elementor-element-b9e615e elementor-section-boxed elementor-section-height-default elementor-section-height-default\" data-id=\"b9e615e\" data-element_type=\"section\">\n\t\t\t\t\t\t<div class=\"elementor-container elementor-column-gap-default\">\n\t\t\t\t\t<div class=\"elementor-column elementor-col-100 elementor-top-column elementor-element elementor-element-6c423f6\" data-id=\"6c423f6\" data-element_type=\"column\">\n\t\t\t<div class=\"elementor-widget-wrap elementor-element-populated\">\n\t\t\t\t\t\t<div class=\"elementor-element elementor-element-ff03a16 elementor-widget elementor-widget-heading\" data-id=\"ff03a16\" data-element_type=\"widget\" data-widget_type=\"heading.default\">\n\t\t\t\t<div class=\"elementor-widget-container\">\n\t\t\t<h2 class=\"elementor-heading-title elementor-size-default\">How Do We Build Medical Brands at AMS?<\/h2>\t\t<\/div>\n\t\t\t\t<\/div>\n\t\t\t\t\t<\/div>\n\t\t<\/div>\n\t\t\t\t\t<\/div>\n\t\t<\/section>\n\t\t\t\t<section class=\"elementor-section elementor-top-section elementor-element elementor-element-4f416e0 elementor-section-boxed elementor-section-height-default elementor-section-height-default elementor-invisible\" data-id=\"4f416e0\" data-element_type=\"section\" data-settings=\"{&quot;animation&quot;:&quot;fadeInUp&quot;}\">\n\t\t\t\t\t\t<div class=\"elementor-container elementor-column-gap-default\">\n\t\t\t\t\t<div class=\"elementor-column elementor-col-50 elementor-top-column elementor-element elementor-element-d2d43bf\" data-id=\"d2d43bf\" data-element_type=\"column\">\n\t\t\t<div class=\"elementor-widget-wrap elementor-element-populated\">\n\t\t\t\t\t\t<div class=\"elementor-element elementor-element-573223e elementor-pagination-position-inside elementor-arrows-position-inside elementor-widget elementor-widget-image-carousel\" data-id=\"573223e\" data-element_type=\"widget\" data-settings=\"{&quot;slides_to_show&quot;:&quot;1&quot;,&quot;lazyload&quot;:&quot;yes&quot;,&quot;effect&quot;:&quot;fade&quot;,&quot;navigation&quot;:&quot;both&quot;,&quot;autoplay&quot;:&quot;yes&quot;,&quot;pause_on_hover&quot;:&quot;yes&quot;,&quot;pause_on_interaction&quot;:&quot;yes&quot;,&quot;autoplay_speed&quot;:5000,&quot;infinite&quot;:&quot;yes&quot;,&quot;speed&quot;:500}\" data-widget_type=\"image-carousel.default\">\n\t\t\t\t<div class=\"elementor-widget-container\">\n\t\t\t\t\t<div class=\"elementor-image-carousel-wrapper swiper\" dir=\"ltr\">\n\t\t\t<div class=\"elementor-image-carousel swiper-wrapper swiper-image-stretch\" aria-live=\"off\">\n\t\t\t\t\t\t\t\t<div class=\"swiper-slide\" role=\"group\" aria-roledescription=\"slide\" aria-label=\"1 of 5\"><figure class=\"swiper-slide-inner\"><img class=\"swiper-slide-image swiper-lazy\" data-src=\"https:\/\/mercadeosalud.com\/wp-content\/uploads\/2025\/04\/Marca-medica-logo.jpg\" alt=\"Marca-medica-logo\" \/><div class=\"swiper-lazy-preloader\"><\/div><\/figure><\/div><div class=\"swiper-slide\" role=\"group\" aria-roledescription=\"slide\" aria-label=\"2 of 5\"><figure class=\"swiper-slide-inner\"><img class=\"swiper-slide-image swiper-lazy\" data-src=\"https:\/\/mercadeosalud.com\/wp-content\/uploads\/2025\/04\/Marca-medica-Concepto-logo.jpg\" alt=\"Marca-medica-Concepto-logo\" \/><div class=\"swiper-lazy-preloader\"><\/div><\/figure><\/div><div class=\"swiper-slide\" role=\"group\" aria-roledescription=\"slide\" aria-label=\"3 of 5\"><figure class=\"swiper-slide-inner\"><img class=\"swiper-slide-image swiper-lazy\" data-src=\"https:\/\/mercadeosalud.com\/wp-content\/uploads\/2025\/04\/Marca-medica-versiones.jpg\" alt=\"Marca-medica-versiones\" \/><div class=\"swiper-lazy-preloader\"><\/div><\/figure><\/div><div class=\"swiper-slide\" role=\"group\" aria-roledescription=\"slide\" aria-label=\"4 of 5\"><figure class=\"swiper-slide-inner\"><img class=\"swiper-slide-image swiper-lazy\" data-src=\"https:\/\/mercadeosalud.com\/wp-content\/uploads\/2025\/04\/Marca-medica-manual.jpg\" alt=\"Marca-medica-manual\" \/><div class=\"swiper-lazy-preloader\"><\/div><\/figure><\/div><div class=\"swiper-slide\" role=\"group\" aria-roledescription=\"slide\" aria-label=\"5 of 5\"><figure class=\"swiper-slide-inner\"><img class=\"swiper-slide-image swiper-lazy\" data-src=\"https:\/\/mercadeosalud.com\/wp-content\/uploads\/2025\/04\/Marca-medica-aplicaciones.jpg\" alt=\"Marca-medica-aplicaciones\" \/><div class=\"swiper-lazy-preloader\"><\/div><\/figure><\/div>\t\t\t<\/div>\n\t\t\t\t\t\t\t\t\t\t\t\t<div class=\"elementor-swiper-button elementor-swiper-button-prev\" role=\"button\" tabindex=\"0\">\n\t\t\t\t\t\t<i aria-hidden=\"true\" class=\"eicon-chevron-left\"><\/i>\t\t\t\t\t<\/div>\n\t\t\t\t\t<div class=\"elementor-swiper-button elementor-swiper-button-next\" role=\"button\" tabindex=\"0\">\n\t\t\t\t\t\t<i aria-hidden=\"true\" class=\"eicon-chevron-right\"><\/i>\t\t\t\t\t<\/div>\n\t\t\t\t\n\t\t\t\t\t\t\t\t\t<div class=\"swiper-pagination\"><\/div>\n\t\t\t\t\t\t\t\t\t<\/div>\n\t\t\t\t<\/div>\n\t\t\t\t<\/div>\n\t\t\t\t\t<\/div>\n\t\t<\/div>\n\t\t\t\t<div class=\"elementor-column elementor-col-50 elementor-top-column elementor-element elementor-element-f3239a1\" data-id=\"f3239a1\" data-element_type=\"column\">\n\t\t\t<div class=\"elementor-widget-wrap elementor-element-populated\">\n\t\t\t\t\t\t<div class=\"elementor-element elementor-element-d829dc2 elementor-widget elementor-widget-text-editor\" data-id=\"d829dc2\" data-element_type=\"widget\" data-widget_type=\"text-editor.default\">\n\t\t\t\t<div class=\"elementor-widget-container\">\n\t\t\t\t\t\t\t<p class=\"translation-block\">To conceptualize humanized medical brands, we follow a <strong><span style=\"color: #ffb100\">personalized approach<\/span><\/strong> that takes into account:<\/p><ul><li class=\"translation-block\"><span style=\"color: #7e3f96\">Specific needs<\/span> of each client<\/li><li class=\"translation-block\"><span style=\"color: #7e3f96\">Clear goals<\/span> within the healthcare sector<\/li><li class=\"translation-block\"><span style=\"color: #7e3f96\">Target markets<\/span> in which they operate<\/li><\/ul><p class=\"translation-block\">We identify the key <strong><span style=\"color: #ffb100\">visual elements<\/span><\/strong> that will form the foundation of the brand. These include:<\/p><ul><li><span style=\"color: #7e3f96;\">Logo<\/span><\/li><li><span style=\"color: #7e3f96;\">Colors<\/span><\/li><li><span style=\"color: #7e3f96;\">Typography<\/span><\/li><li class=\"translation-block\">Other <span style=\"color: #7e3f96\">graphic components<\/span><\/li><\/ul><p>Juntos, estos elementos crean una identidad visual <strong><span style=\"color: #f06321;\">\u00fanica y reconocible<\/span><\/strong>.<\/p>\t\t\t\t\t\t<\/div>\n\t\t\t\t<\/div>\n\t\t\t\t\t<\/div>\n\t\t<\/div>\n\t\t\t\t\t<\/div>\n\t\t<\/section>\n\t\t\t\t<section class=\"elementor-section elementor-top-section elementor-element elementor-element-5828858 elementor-section-stretched elementor-section-boxed elementor-section-height-default elementor-section-height-default\" data-id=\"5828858\" data-element_type=\"section\" data-settings=\"{&quot;stretch_section&quot;:&quot;section-stretched&quot;,&quot;background_background&quot;:&quot;classic&quot;}\">\n\t\t\t\t\t\t<div class=\"elementor-container elementor-column-gap-default\">\n\t\t\t\t\t<div class=\"elementor-column elementor-col-100 elementor-top-column elementor-element elementor-element-f68fa9e elementor-invisible\" data-id=\"f68fa9e\" data-element_type=\"column\" data-settings=\"{&quot;animation&quot;:&quot;fadeInUp&quot;}\">\n\t\t\t<div class=\"elementor-widget-wrap elementor-element-populated\">\n\t\t\t\t\t\t<div class=\"elementor-element elementor-element-408f02e elementor-widget elementor-widget-heading\" data-id=\"408f02e\" data-element_type=\"widget\" data-widget_type=\"heading.default\">\n\t\t\t\t<div class=\"elementor-widget-container\">\n\t\t\t<h2 class=\"elementor-heading-title elementor-size-default\">AMS \u2013 Your Trusted Partner for Creating Your Medical Brand!<\/h2>\t\t<\/div>\n\t\t\t\t<\/div>\n\t\t\t\t<div class=\"elementor-element elementor-element-d6e6ae3 elementor-widget elementor-widget-text-editor\" data-id=\"d6e6ae3\" data-element_type=\"widget\" data-widget_type=\"text-editor.default\">\n\t\t\t\t<div class=\"elementor-widget-container\">\n\t\t\t\t\t\t\t<p>At AMS, we are a medical marketing agency with in-depth expertise in healthcare marketing across the Americas. We build medical brands tailored to the needs of our clients, ensuring an approach that prioritizes humanization and effectiveness.<\/p>\t\t\t\t\t\t<\/div>\n\t\t\t\t<\/div>\n\t\t\t\t<div class=\"elementor-element elementor-element-ac965be elementor-align-center elementor-widget elementor-widget-button\" data-id=\"ac965be\" data-element_type=\"widget\" data-widget_type=\"button.default\">\n\t\t\t\t<div class=\"elementor-widget-container\">\n\t\t\t\t\t<div class=\"elementor-button-wrapper\">\n\t\t\t<a class=\"elementor-button elementor-button-link elementor-size-sm elementor-animation-grow\" href=\"https:\/\/mercadeosalud.com\/en\/contactanos-agencia-de-mercadeo\/\">\n\t\t\t\t\t\t<span class=\"elementor-button-content-wrapper\">\n\t\t\t\t\t\t\t\t\t<span class=\"elementor-button-text\"><strong><span style=\"color: #ffb100\">Contact us today<\/span><\/strong> and build your medical brand with us.<\/span>\n\t\t\t\t\t<\/span>\n\t\t\t\t\t<\/a>\n\t\t<\/div>\n\t\t\t\t<\/div>\n\t\t\t\t<\/div>\n\t\t\t\t\t<\/div>\n\t\t<\/div>\n\t\t\t\t\t<\/div>\n\t\t<\/section>\n\t\t\t\t<\/div>","protected":false},"excerpt":{"rendered":"<p>Marca M\u00e9dica Creamos Identidad, Posicionamiento y Reconocimiento en el Sector Salud En AMS Agencia de Mercadeo en Salud, nos especializamos en crear marcas m\u00e9dicas humanizadas que generan una fuerte identidad y reconocimiento para nuestros clientes. Dise\u00f1amos y conceptualizamos la identidad visual de empresas del sector salud, incluyendo: Especialistas M\u00e9dicos Laboratorios Cl\u00ednicos Cl\u00ednicas y Hospitales Nuestra [&hellip;]<\/p>","protected":false},"author":3,"featured_media":0,"parent":0,"menu_order":0,"comment_status":"closed","ping_status":"closed","template":"","meta":[],"yoast_head":"<!-- This site is optimized with the Yoast SEO plugin v21.7 - https:\/\/yoast.com\/wordpress\/plugins\/seo\/ -->\n<title>MARCA M\u00c9DICA - Mercadeo Salud<\/title>\n<meta name=\"robots\" content=\"index, follow, max-snippet:-1, max-image-preview:large, max-video-preview:-1\" \/>\n<link rel=\"canonical\" href=\"https:\/\/mercadeosalud.com\/en\/marca-medica-3\/\" \/>\n<meta property=\"og:locale\" content=\"en_US\" \/>\n<meta property=\"og:type\" content=\"article\" \/>\n<meta property=\"og:title\" content=\"MARCA M\u00c9DICA - Mercadeo Salud\" \/>\n<meta property=\"og:description\" content=\"Marca M\u00e9dica Creamos Identidad, Posicionamiento y Reconocimiento en el Sector Salud En AMS Agencia de Mercadeo en Salud, nos especializamos en crear marcas m\u00e9dicas humanizadas que generan una fuerte identidad y reconocimiento para nuestros clientes. Dise\u00f1amos y conceptualizamos la identidad visual de empresas del sector salud, incluyendo: Especialistas M\u00e9dicos Laboratorios Cl\u00ednicos Cl\u00ednicas y Hospitales Nuestra [&hellip;]\" \/>\n<meta property=\"og:url\" content=\"https:\/\/mercadeosalud.com\/en\/marca-medica-3\/\" \/>\n<meta property=\"og:site_name\" content=\"Mercadeo Salud\" \/>\n<meta property=\"article:modified_time\" content=\"2025-04-11T22:48:35+00:00\" \/>\n<meta property=\"og:image\" content=\"https:\/\/mercadeosalud.com\/wp-content\/uploads\/2025\/04\/Marca-medica-logo.jpg\" \/>\n<meta name=\"twitter:card\" content=\"summary_large_image\" \/>\n<meta name=\"twitter:label1\" content=\"Est. reading time\" \/>\n\t<meta name=\"twitter:data1\" content=\"3 minutes\" \/>\n<script type=\"application\/ld+json\" class=\"yoast-schema-graph\">{\"@context\":\"https:\/\/schema.org\",\"@graph\":[{\"@type\":\"WebPage\",\"@id\":\"https:\/\/mercadeosalud.com\/marca-medica-3\/\",\"url\":\"https:\/\/mercadeosalud.com\/marca-medica-3\/\",\"name\":\"MARCA M\u00c9DICA - Mercadeo Salud\",\"isPartOf\":{\"@id\":\"https:\/\/mercadeosalud.com\/#website\"},\"datePublished\":\"2025-03-25T22:38:16+00:00\",\"dateModified\":\"2025-04-11T22:48:35+00:00\",\"breadcrumb\":{\"@id\":\"https:\/\/mercadeosalud.com\/marca-medica-3\/#breadcrumb\"},\"inLanguage\":\"en-US\",\"potentialAction\":[{\"@type\":\"ReadAction\",\"target\":[\"https:\/\/mercadeosalud.com\/marca-medica-3\/\"]}]},{\"@type\":\"BreadcrumbList\",\"@id\":\"https:\/\/mercadeosalud.com\/marca-medica-3\/#breadcrumb\",\"itemListElement\":[{\"@type\":\"ListItem\",\"position\":1,\"name\":\"Home\",\"item\":\"https:\/\/mercadeosalud.com\/\"},{\"@type\":\"ListItem\",\"position\":2,\"name\":\"MARCA M\u00c9DICA\"}]},{\"@type\":\"WebSite\",\"@id\":\"https:\/\/mercadeosalud.com\/#website\",\"url\":\"https:\/\/mercadeosalud.com\/\",\"name\":\"Mercadeo Salud\",\"description\":\"Ofrecemos servicios de Mercadeo en Salud que transforman digitalmente a las empresas del sector.\",\"publisher\":{\"@id\":\"https:\/\/mercadeosalud.com\/#organization\"},\"potentialAction\":[{\"@type\":\"SearchAction\",\"target\":{\"@type\":\"EntryPoint\",\"urlTemplate\":\"https:\/\/mercadeosalud.com\/?s={search_term_string}\"},\"query-input\":\"required name=search_term_string\"}],\"inLanguage\":\"en-US\"},{\"@type\":\"Organization\",\"@id\":\"https:\/\/mercadeosalud.com\/#organization\",\"name\":\"Mercadeo Salud\",\"url\":\"https:\/\/mercadeosalud.com\/\",\"logo\":{\"@type\":\"ImageObject\",\"inLanguage\":\"en-US\",\"@id\":\"https:\/\/mercadeosalud.com\/#\/schema\/logo\/image\/\",\"url\":\"https:\/\/mercadeosalud.com\/wp-content\/uploads\/2021\/07\/logo.png\",\"contentUrl\":\"https:\/\/mercadeosalud.com\/wp-content\/uploads\/2021\/07\/logo.png\",\"width\":500,\"height\":215,\"caption\":\"Mercadeo Salud\"},\"image\":{\"@id\":\"https:\/\/mercadeosalud.com\/#\/schema\/logo\/image\/\"}}]}<\/script>\n<!-- \/ Yoast SEO plugin. -->","yoast_head_json":{"title":"MARCA M\u00c9DICA - Mercadeo Salud","robots":{"index":"index","follow":"follow","max-snippet":"max-snippet:-1","max-image-preview":"max-image-preview:large","max-video-preview":"max-video-preview:-1"},"canonical":"https:\/\/mercadeosalud.com\/en\/marca-medica-3\/","og_locale":"en_US","og_type":"article","og_title":"MARCA M\u00c9DICA - Mercadeo Salud","og_description":"Marca M\u00e9dica Creamos Identidad, Posicionamiento y Reconocimiento en el Sector Salud En AMS Agencia de Mercadeo en Salud, nos especializamos en crear marcas m\u00e9dicas humanizadas que generan una fuerte identidad y reconocimiento para nuestros clientes. Dise\u00f1amos y conceptualizamos la identidad visual de empresas del sector salud, incluyendo: Especialistas M\u00e9dicos Laboratorios Cl\u00ednicos Cl\u00ednicas y Hospitales Nuestra [&hellip;]","og_url":"https:\/\/mercadeosalud.com\/en\/marca-medica-3\/","og_site_name":"Mercadeo Salud","article_modified_time":"2025-04-11T22:48:35+00:00","og_image":[{"url":"https:\/\/mercadeosalud.com\/wp-content\/uploads\/2025\/04\/Marca-medica-logo.jpg"}],"twitter_card":"summary_large_image","twitter_misc":{"Est. reading time":"3 minutes"},"schema":{"@context":"https:\/\/schema.org","@graph":[{"@type":"WebPage","@id":"https:\/\/mercadeosalud.com\/marca-medica-3\/","url":"https:\/\/mercadeosalud.com\/marca-medica-3\/","name":"MARCA M\u00c9DICA - Mercadeo Salud","isPartOf":{"@id":"https:\/\/mercadeosalud.com\/#website"},"datePublished":"2025-03-25T22:38:16+00:00","dateModified":"2025-04-11T22:48:35+00:00","breadcrumb":{"@id":"https:\/\/mercadeosalud.com\/marca-medica-3\/#breadcrumb"},"inLanguage":"en-US","potentialAction":[{"@type":"ReadAction","target":["https:\/\/mercadeosalud.com\/marca-medica-3\/"]}]},{"@type":"BreadcrumbList","@id":"https:\/\/mercadeosalud.com\/marca-medica-3\/#breadcrumb","itemListElement":[{"@type":"ListItem","position":1,"name":"Home","item":"https:\/\/mercadeosalud.com\/"},{"@type":"ListItem","position":2,"name":"MARCA M\u00c9DICA"}]},{"@type":"WebSite","@id":"https:\/\/mercadeosalud.com\/#website","url":"https:\/\/mercadeosalud.com\/","name":"Mercadeo Salud","description":"We offer Healthcare Marketing Services that digitally transform organizations in the medical sector.","publisher":{"@id":"https:\/\/mercadeosalud.com\/#organization"},"potentialAction":[{"@type":"SearchAction","target":{"@type":"EntryPoint","urlTemplate":"https:\/\/mercadeosalud.com\/?s={search_term_string}"},"query-input":"required name=search_term_string"}],"inLanguage":"en-US"},{"@type":"Organization","@id":"https:\/\/mercadeosalud.com\/#organization","name":"Mercadeo Salud","url":"https:\/\/mercadeosalud.com\/","logo":{"@type":"ImageObject","inLanguage":"en-US","@id":"https:\/\/mercadeosalud.com\/#\/schema\/logo\/image\/","url":"https:\/\/mercadeosalud.com\/wp-content\/uploads\/2021\/07\/logo.png","contentUrl":"https:\/\/mercadeosalud.com\/wp-content\/uploads\/2021\/07\/logo.png","width":500,"height":215,"caption":"Mercadeo Salud"},"image":{"@id":"https:\/\/mercadeosalud.com\/#\/schema\/logo\/image\/"}}]}},"_links":{"self":[{"href":"https:\/\/mercadeosalud.com\/en\/wp-json\/wp\/v2\/pages\/5505"}],"collection":[{"href":"https:\/\/mercadeosalud.com\/en\/wp-json\/wp\/v2\/pages"}],"about":[{"href":"https:\/\/mercadeosalud.com\/en\/wp-json\/wp\/v2\/types\/page"}],"author":[{"embeddable":true,"href":"https:\/\/mercadeosalud.com\/en\/wp-json\/wp\/v2\/users\/3"}],"replies":[{"embeddable":true,"href":"https:\/\/mercadeosalud.com\/en\/wp-json\/wp\/v2\/comments?post=5505"}],"version-history":[{"count":61,"href":"https:\/\/mercadeosalud.com\/en\/wp-json\/wp\/v2\/pages\/5505\/revisions"}],"predecessor-version":[{"id":6077,"href":"https:\/\/mercadeosalud.com\/en\/wp-json\/wp\/v2\/pages\/5505\/revisions\/6077"}],"wp:attachment":[{"href":"https:\/\/mercadeosalud.com\/en\/wp-json\/wp\/v2\/media?parent=5505"}],"curies":[{"name":"wp","href":"https:\/\/api.w.org\/{rel}","templated":true}]}}